{"id":237,"date":"2022-08-04T15:31:16","date_gmt":"2022-08-04T15:31:16","guid":{"rendered":"https:\/\/fejlesztomozgasterapia.hu\/?page_id=237"},"modified":"2024-07-25T17:23:51","modified_gmt":"2024-07-25T17:23:51","slug":"egyeni-fejlesztes","status":"publish","type":"page","link":"https:\/\/fejlesztomozgasterapia.hu\/?page_id=237","title":{"rendered":"Ovis-sulis k\u00e9pess\u00e9gfejleszt\u00e9s"},"content":{"rendered":"\n<p><strong><mark style=\"background-color:rgba(0, 0, 0, 0)\" class=\"has-inline-color has-vivid-cyan-blue-color\">Mi\u00e9rt fontos a k\u00e9pess\u00e9gfejleszt\u00e9s?<\/mark><\/strong><\/p>\n\n\n\n<p>Az egy\u00e9ni k\u00e9pess\u00e9gfejleszt\u00e9s sz\u00fcks\u00e9gess\u00e9ge manaps\u00e1g egyre ink\u00e1bb el\u0151t\u00e9rbe ker\u00fcl. Az \u00f3vodai nevel\u00e9s keretein bel\u00fcl, a nagyl\u00e9tsz\u00e1m\u00fa zs\u00fafolt csoportokban, \u00f3vodapedag\u00f3gusok hi\u00e1ny\u00e1ban, egyre kev\u00e9sb\u00e9 fejlesztik megfelel\u0151 m\u00e9rt\u00e9kben a kisgyermekek k\u00e9pess\u00e9geit. A k\u00e9pess\u00e9gek fejl\u0151d\u00e9se \u00e1ltal \u00e9rik az idegrendszer. A k\u00e9pess\u00e9gek alacsony m\u00e9rt\u00e9ke pedig \u00e9retlen idegrendszerre utalhat, ami a k\u00e9s\u0151bbi \u00e9vek sor\u00e1n tanul\u00e1si \u00e9s\/vagy magatart\u00e1si, szoci\u00e1lis neh\u00e9zs\u00e9gekben mutatkozhat meg.<\/p>\n\n\n\n<p>Az iskolai nevel\u00e9s keretein bel\u00fcl csak a BNO k\u00f3ddal rendelkez\u0151 gyermekek kaphatnak fejleszt\u00e9st, azonban sokszor ez sem, vagy csak r\u00e9szben val\u00f3sul meg megfelel\u0151en, szakpedag\u00f3gusok hi\u00e1ny\u00e1ban. A k\u00e9pess\u00e9gek alacsony m\u00e9rt\u00e9ke pedig az \u00e1ltal\u00e1nos iskol\u00e1ban tanul\u00e1si \u00e9s\/vagy magatart\u00e1si neh\u00e9zs\u00e9gekben, r\u00e9szk\u00e9pess\u00e9gzavarokban mutatkozik meg. \u00c9rdemes teh\u00e1t a megl\u00e9v\u0151 szakv\u00e9lem\u00e9nnyel vagy ak\u00e1r annak hi\u00e1ny\u00e1ban is, de felkereseni egy fejleszt\u0151pedag\u00f3gust a lehet\u0151s\u00e9gek megfontol\u00e1s\u00e1ra.<br>A tanul\u00e1si neh\u00e9zs\u00e9gek, megakad\u00e1sok m\u00e9rt\u00e9k\u00e9t\u0151l f\u00fcgg\u0151en minden gyermeknek egy\u00e9ni fejleszt\u00e9si tervet k\u00e9sz\u00edtek, amelynek seg\u00edts\u00e9g\u00e9vel k\u00f6vetni tudjuk a fejl\u0151d\u00e9s\u00e9t.<\/p>\n\n\n\n<p><strong><mark style=\"background-color:rgba(0, 0, 0, 0)\" class=\"has-inline-color has-vivid-cyan-blue-color\">Mi zajlik az egy\u00e9ni k\u00e9pess\u00e9gfejleszt\u00e9sen?<\/mark><\/strong><\/p>\n\n\n\n<p>Egy k\u00e9pess\u00e9gfelm\u00e9r\u00e9s k\u00f6vet\u0151en &#8211; amely sor\u00e1n meghat\u00e1rozzuk a gyermek fejletlen k\u00e9pess\u00e9gter\u00fcleteit &#8211; egy\u00e9ni szem\u00e9lyre szabott k\u00e9pess\u00e9gfejleszt\u00e9st v\u00e9gzem a gyermekkel 45 percben. Mindezt a gyermek kor\u00e1hoz alkalmazkodva j\u00e1t\u00e9kos form\u00e1ban, mozg\u00e1ssal egybek\u00f6tve.<\/p>\n\n\n\n<p><mark style=\"background-color:rgba(0, 0, 0, 0)\" class=\"has-inline-color has-vivid-cyan-blue-color\"><strong>Mikor van sz\u00fcks\u00e9ge a gyermeknek k\u00e9pess\u00e9gfejleszt\u00e9sre?<\/strong><\/mark><\/p>\n\n\n\n<p>Ha sz\u00fcl\u0151k\u00e9nt az l\u00e1tod, hogy a gyermeked:<br><br>&#8211; nem szeret rajzolni, gyurm\u00e1zni, minden \u00f6sszet\u00f6rik a kezei k\u00f6z\u00f6tt, nem tudja finoman vagy egyenk\u00e9nt haszn\u00e1lni az ujjait, \u00edr\u00e1sa rendezetlen<br>&#8211; nem tudja a szem\u00e9t-kez\u00e9t-l\u00e1b\u00e1t egyszerre haszn\u00e1lni<br>&#8211; gyakran elesik, nekimegy t\u00e1rgyaknak, nem ismeri a saj\u00e1t test\u00e9nek k\u00f6rvonalait<br>&#8211; a figyelme \u00e1lland\u00f3an elkalandozik, nem tud elm\u00e9ly\u00fclni egy adott tev\u00e9kenys\u00e9gben<br>&#8211; nem j\u00f6n ki kort\u00e1rsaival, nem bar\u00e1tkozik, nem j\u00e1tszik egy\u00fctt az \u00f3vodai\/iskolai csoportj\u00e1ban<br>&#8211; nem szeret r\u00e9szt venni gondolkod\u00e1st ig\u00e9nyl\u0151 programokban, foglalkoz\u00e1sokban<br>&#8211; nem tudja megoldani a sz\u00f3ban kapott utas\u00edt\u00e1sok sorozat\u00e1t (pl.: Menj ki az el\u0151szob\u00e1ba \u00e9s vedd fel a kinti cip\u0151det!)<br>&#8211; neh\u00e9zs\u00e9gei vannak az olvas\u00e1s \/ \u00edr\u00e1s \/ sz\u00e1mol\u00e1s ter\u00fclet\u00e9n<br><br>vagy a Pedag\u00f3giai Szakszolg\u00e1lat \u00e1ltal ki\u00e1ll\u00edtott szakv\u00e9lem\u00e9nnyel rendelkezik.<\/p>\n","protected":false},"excerpt":{"rendered":"<p>Mi\u00e9rt fontos a k\u00e9pess\u00e9gfejleszt\u00e9s? Az egy\u00e9ni k\u00e9pess\u00e9gfejleszt\u00e9s sz\u00fcks\u00e9gess\u00e9ge manaps\u00e1g egyre ink\u00e1bb el\u0151t\u00e9rbe ker\u00fcl. Az \u00f3vodai nevel\u00e9s keretein bel\u00fcl, a nagyl\u00e9tsz\u00e1m\u00fa zs\u00fafolt csoportokban, \u00f3vodapedag\u00f3gusok hi\u00e1ny\u00e1ban, egyre kev\u00e9sb\u00e9 fejlesztik megfelel\u0151 m\u00e9rt\u00e9kben a kisgyermekek k\u00e9pess\u00e9geit. A k\u00e9pess\u00e9gek fejl\u0151d\u00e9se \u00e1ltal \u00e9rik az idegrendszer. A &hellip; <\/p>\n","protected":false},"author":1,"featured_media":0,"parent":0,"menu_order":0,"comment_status":"closed","ping_status":"closed","template":"","meta":{"footnotes":""},"class_list":["post-237","page","type-page","status-publish","hentry"],"_links":{"self":[{"href":"https:\/\/fejlesztomozgasterapia.hu\/index.php?rest_route=\/wp\/v2\/pages\/237","targetHints":{"allow":["GET"]}}],"collection":[{"href":"https:\/\/fejlesztomozgasterapia.hu\/index.php?rest_route=\/wp\/v2\/pages"}],"about":[{"href":"https:\/\/fejlesztomozgasterapia.hu\/index.php?rest_route=\/wp\/v2\/types\/page"}],"author":[{"embeddable":true,"href":"https:\/\/fejlesztomozgasterapia.hu\/index.php?rest_route=\/wp\/v2\/users\/1"}],"replies":[{"embeddable":true,"href":"https:\/\/fejlesztomozgasterapia.hu\/index.php?rest_route=%2Fwp%2Fv2%2Fcomments&post=237"}],"version-history":[{"count":11,"href":"https:\/\/fejlesztomozgasterapia.hu\/index.php?rest_route=\/wp\/v2\/pages\/237\/revisions"}],"predecessor-version":[{"id":370,"href":"https:\/\/fejlesztomozgasterapia.hu\/index.php?rest_route=\/wp\/v2\/pages\/237\/revisions\/370"}],"wp:attachment":[{"href":"https:\/\/fejlesztomozgasterapia.hu\/index.php?rest_route=%2Fwp%2Fv2%2Fmedia&parent=237"}],"curies":[{"name":"wp","href":"https:\/\/api.w.org\/{rel}","templated":true}]}}