{"id":6,"date":"2022-05-08T10:54:11","date_gmt":"2022-05-08T10:54:11","guid":{"rendered":"http:\/\/fejlesztomozgasterapia.hu\/?page_id=6"},"modified":"2025-04-18T18:17:00","modified_gmt":"2025-04-18T18:17:00","slug":"the-new-umoma-opens-its-doors","status":"publish","type":"page","link":"https:\/\/fejlesztomozgasterapia.hu\/","title":{"rendered":""},"content":{"rendered":"\n<div class=\"wp-block-columns is-layout-flex wp-container-core-columns-is-layout-9d6595d7 wp-block-columns-is-layout-flex\">\n<div class=\"wp-block-column is-layout-flow wp-block-column-is-layout-flow\" style=\"flex-basis:66.66%\">\n<div class=\"wp-block-cover\"><img loading=\"lazy\" decoding=\"async\" width=\"1288\" height=\"1717\" class=\"wp-block-cover__image-background wp-image-408\" alt=\"\" src=\"https:\/\/fejlesztomozgasterapia.hu\/wp-content\/uploads\/2025\/04\/logo_latvanyterv-edited-2.png\" data-object-fit=\"cover\" srcset=\"https:\/\/fejlesztomozgasterapia.hu\/wp-content\/uploads\/2025\/04\/logo_latvanyterv-edited-2.png 1288w, https:\/\/fejlesztomozgasterapia.hu\/wp-content\/uploads\/2025\/04\/logo_latvanyterv-edited-2-225x300.png 225w, https:\/\/fejlesztomozgasterapia.hu\/wp-content\/uploads\/2025\/04\/logo_latvanyterv-edited-2-768x1024.png 768w, https:\/\/fejlesztomozgasterapia.hu\/wp-content\/uploads\/2025\/04\/logo_latvanyterv-edited-2-1152x1536.png 1152w\" sizes=\"auto, (max-width: 1288px) 100vw, 1288px\" \/><span aria-hidden=\"true\" class=\"wp-block-cover__background has-background-dim\"><\/span><div class=\"wp-block-cover__inner-container is-layout-flow wp-block-cover-is-layout-flow\">\n<p class=\"has-text-align-center has-cyan-bluish-gray-color has-text-color has-link-color has-large-font-size wp-elements-dcfa2e4bc8114eec6fde4d098cf9f173\"><strong>\u00dcdv\u00f6z\u00f6llek a Sziv\u00e1rv\u00e1ny <\/strong><\/p>\n\n\n\n<p class=\"has-text-align-center has-cyan-bluish-gray-color has-text-color has-link-color has-large-font-size wp-elements-83bcac09f59d9d06980b534f430faf41\"><strong>fejleszt\u0151 Kuck\u00f3ban, ahol <\/strong><\/p>\n\n\n\n<p class=\"has-text-align-center has-cyan-bluish-gray-color has-text-color has-link-color has-large-font-size wp-elements-7f32e58b93940d3a69b40ad5fc5ee551\"><strong>minden gyerk\u0151c fontos! <\/strong><\/p>\n<\/div><\/div>\n<\/div>\n\n\n\n<div class=\"wp-block-column is-layout-flow wp-block-column-is-layout-flow\" style=\"flex-basis:33.33%\">\n<p class=\"has-text-align-center has-cyan-bluish-gray-color has-white-background-color has-text-color has-background has-link-color has-medium-font-size wp-elements-ae5b893f9d0ed55110c6748583a12f50\" style=\"font-style:normal;font-weight:400\">Az\u00e9rt keltettem \u00e9letre ezt a helyet, hogy der\u0171s atmoszf\u00e9r\u00e1ban, j\u00e1t\u00e9kosan, magas sz\u00ednvonalon <strong>fejl\u0151dhessenek<\/strong> a hozz\u00e1m fordul\u00f3 lurk\u00f3k.<\/p>\n\n\n\n<p class=\"has-text-align-center has-cyan-bluish-gray-color has-white-background-color has-text-color has-background has-link-color has-medium-font-size wp-elements-f92c07b01eee0b389d2a14bb26df28b7\" style=\"font-style:normal;font-weight:400\">Mivel a gyerekek els\u0151dleges elfoglalts\u00e1ga a j\u00e1t\u00e9k, a <strong>fejleszt\u0151pedag\u00f3giai, gy\u00f3gypedag\u00f3giai<\/strong> <strong>k\u00e9pess\u00e9gfejleszt\u0151<\/strong> \u00e9s i<strong>skola-el\u0151k\u00e9sz\u00edt\u0151 foglalkoz\u00e1sok<\/strong>, <strong>korrepet\u00e1l\u00e1sok<\/strong> j\u00e1t\u00e9kos m\u00f3don, egy\u00e9ni akad\u00e1lyokra szabva, a tev\u00e9kenys\u00e9gek v\u00e1ltakoz\u00e1s\u00e1val val\u00f3sulnak meg.<\/p>\n<\/div>\n<\/div>\n\n\n\n<p class=\"has-cyan-bluish-gray-color has-text-color has-link-color has-medium-font-size wp-elements-6f9bebfc8e20fd3b2d1421f7471b262c\"><strong>Milyen esetekben ny\u00fajthatok fejleszt\u0151pedag\u00f3gusk\u00e9nt seg\u00edts\u00e9get?<\/strong><\/p>\n\n\n\n<p class=\"has-cyan-bluish-gray-color has-text-color has-link-color has-medium-font-size wp-elements-592a16888f1a9a68a613b612fb1f946d\">Amennyiben a gyermekedn\u00e9l \u00e9szlelhet\u0151:<\/p>\n\n\n\n<p class=\"has-cyan-bluish-gray-color has-text-color has-link-color has-medium-font-size wp-elements-d7ddaae57fbfad4ba35b53a8fd84e8aa\">&#8211; \u00d6sszerendezetlen mozg\u00e1s, gyenge k\u00e9z\u00fcgyess\u00e9g<\/p>\n\n\n\n<p class=\"has-cyan-bluish-gray-color has-text-color has-link-color has-medium-font-size wp-elements-4226a0d9e8da15f08bc382f6e7a13a27\">&#8211; Besz\u00e9dprobl\u00e9ma, megk\u00e9sett besz\u00e9dfejl\u0151d\u00e9s \u2013 kieg\u00e9sz\u00edt\u00e9sk\u00e9nt a logop\u00e9diai ter\u00e1pi\u00e1hoz<\/p>\n\n\n\n<p class=\"has-cyan-bluish-gray-color has-text-color has-link-color has-medium-font-size wp-elements-44cc36c81f7cb1868326dfdcc40af1af\">&#8211; Gyenge t\u00e9rbeli, s\u00edkbeli t\u00e1j\u00e9koz\u00f3d\u00e1s, testk\u00e9p, testtudat<\/p>\n\n\n\n<p class=\"has-cyan-bluish-gray-color has-text-color has-link-color has-medium-font-size wp-elements-1e9c9eb63408a108c8070efeecf3e87e\">&#8211; Figyelemzavar \u00e9s\/vagy hiperaktivit\u00e1s (ADHD) &#8211; a tanul\u00e1s t\u00e1mogat\u00e1sa<\/p>\n\n\n\n<p class=\"has-cyan-bluish-gray-color has-text-color has-link-color has-medium-font-size wp-elements-5d6b40d5be91be4ff6134cc1df7208e7\">&#8211; Beilleszked\u00e9si, tanul\u00e1si, viselked\u00e9si neh\u00e9zs\u00e9g (BTMN)<\/p>\n\n\n\n<p class=\"has-cyan-bluish-gray-color has-text-color has-link-color has-medium-font-size wp-elements-720e6284d9e018da75e7945907722550\">&#8211; Tanul\u00e1si zavar az olvas\u00e1s, \u00edr\u00e1s, sz\u00e1mol\u00e1s ter\u00fclet\u00e9n (SNI) &#8211; kieg\u00e9sz\u00edt\u0151 ter\u00e1pi\u00e1jak\u00e9nt<\/p>\n\n\n\n<p class=\"has-cyan-bluish-gray-color has-text-color has-link-color has-medium-font-size wp-elements-8e7bd22c78f7b3fcf9a90408bf12395d\">&#8211; Ha iskolakezd\u00e9s el\u0151tt \u00e1ll gyermeked, bizonytalanok vagytok a d\u00f6nt\u00e9sben \u00e9s sz\u00fcks\u00e9ge lehet k\u00e9pess\u00e9gfelm\u00e9r\u00e9sre <\/p>\n\n\n\n<p class=\"has-black-color has-text-color has-link-color has-medium-font-size wp-elements-4b993bae3b0fa70516259f337a0108ae\"><\/p>\n\n\n\n<p><\/p>\n","protected":false},"excerpt":{"rendered":"<p>Az\u00e9rt keltettem \u00e9letre ezt a helyet, hogy der\u0171s atmoszf\u00e9r\u00e1ban, j\u00e1t\u00e9kosan, magas sz\u00ednvonalon fejl\u0151dhessenek a hozz\u00e1m fordul\u00f3 lurk\u00f3k. Mivel a gyerekek els\u0151dleges elfoglalts\u00e1ga a j\u00e1t\u00e9k, a fejleszt\u0151pedag\u00f3giai, gy\u00f3gypedag\u00f3giai k\u00e9pess\u00e9gfejleszt\u0151 \u00e9s iskola-el\u0151k\u00e9sz\u00edt\u0151 foglalkoz\u00e1sok, korrepet\u00e1l\u00e1sok j\u00e1t\u00e9kos m\u00f3don, egy\u00e9ni akad\u00e1lyokra szabva, a tev\u00e9kenys\u00e9gek v\u00e1ltakoz\u00e1s\u00e1val &hellip; <\/p>\n","protected":false},"author":1,"featured_media":0,"parent":0,"menu_order":0,"comment_status":"closed","ping_status":"closed","template":"","meta":{"footnotes":""},"class_list":["post-6","page","type-page","status-publish","hentry"],"_links":{"self":[{"href":"https:\/\/fejlesztomozgasterapia.hu\/index.php?rest_route=\/wp\/v2\/pages\/6","targetHints":{"allow":["GET"]}}],"collection":[{"href":"https:\/\/fejlesztomozgasterapia.hu\/index.php?rest_route=\/wp\/v2\/pages"}],"about":[{"href":"https:\/\/fejlesztomozgasterapia.hu\/index.php?rest_route=\/wp\/v2\/types\/page"}],"author":[{"embeddable":true,"href":"https:\/\/fejlesztomozgasterapia.hu\/index.php?rest_route=\/wp\/v2\/users\/1"}],"replies":[{"embeddable":true,"href":"https:\/\/fejlesztomozgasterapia.hu\/index.php?rest_route=%2Fwp%2Fv2%2Fcomments&post=6"}],"version-history":[{"count":123,"href":"https:\/\/fejlesztomozgasterapia.hu\/index.php?rest_route=\/wp\/v2\/pages\/6\/revisions"}],"predecessor-version":[{"id":454,"href":"https:\/\/fejlesztomozgasterapia.hu\/index.php?rest_route=\/wp\/v2\/pages\/6\/revisions\/454"}],"wp:attachment":[{"href":"https:\/\/fejlesztomozgasterapia.hu\/index.php?rest_route=%2Fwp%2Fv2%2Fmedia&parent=6"}],"curies":[{"name":"wp","href":"https:\/\/api.w.org\/{rel}","templated":true}]}}