{"id":7,"date":"2022-05-08T10:54:11","date_gmt":"2022-05-08T10:54:11","guid":{"rendered":"http:\/\/fejlesztomozgasterapia.hu\/?page_id=7"},"modified":"2025-04-18T18:37:52","modified_gmt":"2025-04-18T18:37:52","slug":"rolunk","status":"publish","type":"page","link":"https:\/\/fejlesztomozgasterapia.hu\/?page_id=7","title":{"rendered":"R\u00f3lam"},"content":{"rendered":"\n<div class=\"wp-block-columns is-layout-flex wp-container-core-columns-is-layout-9d6595d7 wp-block-columns-is-layout-flex\">\n<div class=\"wp-block-column is-layout-flow wp-block-column-is-layout-flow\" style=\"flex-basis:33.33%\">\n<figure class=\"wp-block-image size-large\"><img loading=\"lazy\" decoding=\"async\" width=\"768\" height=\"1024\" src=\"https:\/\/fejlesztomozgasterapia.hu\/wp-content\/uploads\/2025\/04\/1744999045337-768x1024.jpg\" alt=\"\" class=\"wp-image-451\" srcset=\"https:\/\/fejlesztomozgasterapia.hu\/wp-content\/uploads\/2025\/04\/1744999045337-768x1024.jpg 768w, https:\/\/fejlesztomozgasterapia.hu\/wp-content\/uploads\/2025\/04\/1744999045337-225x300.jpg 225w, https:\/\/fejlesztomozgasterapia.hu\/wp-content\/uploads\/2025\/04\/1744999045337-1152x1536.jpg 1152w, https:\/\/fejlesztomozgasterapia.hu\/wp-content\/uploads\/2025\/04\/1744999045337-1536x2048.jpg 1536w, https:\/\/fejlesztomozgasterapia.hu\/wp-content\/uploads\/2025\/04\/1744999045337-scaled.jpg 1920w\" sizes=\"auto, (max-width: 768px) 100vw, 768px\" \/><\/figure>\n<\/div>\n\n\n\n<div class=\"wp-block-column is-layout-flow wp-block-column-is-layout-flow\" style=\"flex-basis:66.66%\">\n<p>De\u00e1k Zsuzsanna Zita vagyok, a P\u00e1zm\u00e1ny P\u00e9ter Katolikus Egyetemen v\u00e9gzett als\u00f3 tagozatos tan\u00edt\u00f3, Summa Cum Laude min\u0151s\u00edt\u00e9ssel fejleszt\u0151-differenci\u00e1l\u00f3 szakon szakvizsg\u00e1zott pedag\u00f3gus, komplex mozg\u00e1ster\u00e1pi\u00e1s fejleszt\u0151, gyermekj\u00f3ga oktat\u00f3 \u00e9s jelenleg az E\u00f6tv\u00f6s L\u00f3r\u00e1nd Tudom\u00e1nyegyetem B\u00e1rczi Guszt\u00e1v Gy\u00f3gypedag\u00f3giai Kar\u00e1n gy\u00f3gypedag\u00f3gus hallgat\u00f3. Az\u00e9rt hoztam l\u00e9tre a <mark style=\"background-color:rgba(0, 0, 0, 0)\" class=\"has-inline-color has-pale-pink-color\">Sziv\u00e1rv\u00e1ny fejleszt\u0151 kuck\u00f3t<\/mark> mert a munk\u00e1m sor\u00e1n egyre gyakrabban tal\u00e1lkozom olyan kisgyermekekkel akik \u00e9retlen idegrendszerrel, felk\u00e9sz\u00fcletlen\u00fcl kezdik meg az \u00e1ltal\u00e1nos iskol\u00e1t. Gyakran az iskolakezd\u00e9skor nem is der\u00fcl ki a motiv\u00e1latlans\u00e1g, a hi\u00e1nyz\u00f3 figyelem oka, hanem sokkal k\u00e9s\u0151bb az als\u00f3 \u00e9s fels\u0151 tagozatok sor\u00e1n kezdenek el foglalkozni igaz\u00e1n a sz\u00fcl\u0151k \u00e9s a pedag\u00f3gusok a sokasod\u00f3 tanul\u00e1si \u00e9s magatart\u00e1si probl\u00e9m\u00e1kkal. Ezek a gyermekek sosem tudj\u00e1k be\u00e9rni t\u00e1rsaikat, ha nem kapnak megfelel\u0151 seg\u00edts\u00e9get, a tanul\u00e1s folyamata \u00e9s a szoci\u00e1lis k\u00e9pess\u00e9gek ter\u00fclet\u00e9n \u00e9s gyakran v\u00e9g\u00e9rv\u00e9nyesen elvesztik a tanul\u00e1s, az iskol\u00e1ba j\u00e1r\u00e1s ir\u00e1nti motiv\u00e1ci\u00f3jukat a neh\u00e9zs\u00e9geik miatt.<\/p>\n\n\n\n<p>C\u00e9lomk\u00e9nt t\u0171ztem ki, hogy a mozg\u00e1ster\u00e1pia \u00e9s a fejleszt\u0151pedag\u00f3gia, a gy\u00f3gypedag\u00f3gia eszk\u00f6zeivel seg\u00edtsek a m\u00e9g \u00e9retlen idegrendszer\u0171 \u00e9s\/vagy a m\u00e1r kialakult tanul\u00e1si neh\u00e9zs\u00e9gekkel, r\u00e9szk\u00e9pess\u00e9g zavarokkal k\u00fczd\u0151 gyermekeken. Hiszem, hogy a tanul\u00e1s igenis lehet <mark style=\"background-color:rgba(0, 0, 0, 0)\" class=\"has-inline-color has-luminous-vivid-amber-color\">\u00d6r\u00f6m<\/mark>, csak meg kell tal\u00e1lni azt a m\u00f3dszert ami seg\u00edt ebben. Szeretn\u00e9k utat mutatni a hozz\u00e1m fordul\u00f3 gyermekeknek \u00e9s sz\u00fcleiknek, naprak\u00e9sz, gyermekk\u00f6zpont\u00fa szaktud\u00e1sommal.<\/p>\n<\/div>\n<\/div>\n","protected":false},"excerpt":{"rendered":"<p>De\u00e1k Zsuzsanna Zita vagyok, a P\u00e1zm\u00e1ny P\u00e9ter Katolikus Egyetemen v\u00e9gzett als\u00f3 tagozatos tan\u00edt\u00f3, Summa Cum Laude min\u0151s\u00edt\u00e9ssel fejleszt\u0151-differenci\u00e1l\u00f3 szakon szakvizsg\u00e1zott pedag\u00f3gus, komplex mozg\u00e1ster\u00e1pi\u00e1s fejleszt\u0151, gyermekj\u00f3ga oktat\u00f3 \u00e9s jelenleg az E\u00f6tv\u00f6s L\u00f3r\u00e1nd Tudom\u00e1nyegyetem B\u00e1rczi Guszt\u00e1v Gy\u00f3gypedag\u00f3giai Kar\u00e1n gy\u00f3gypedag\u00f3gus hallgat\u00f3. Az\u00e9rt hoztam &hellip; <\/p>\n","protected":false},"author":1,"featured_media":0,"parent":0,"menu_order":0,"comment_status":"closed","ping_status":"closed","template":"","meta":{"footnotes":""},"class_list":["post-7","page","type-page","status-publish","hentry"],"_links":{"self":[{"href":"https:\/\/fejlesztomozgasterapia.hu\/index.php?rest_route=\/wp\/v2\/pages\/7","targetHints":{"allow":["GET"]}}],"collection":[{"href":"https:\/\/fejlesztomozgasterapia.hu\/index.php?rest_route=\/wp\/v2\/pages"}],"about":[{"href":"https:\/\/fejlesztomozgasterapia.hu\/index.php?rest_route=\/wp\/v2\/types\/page"}],"author":[{"embeddable":true,"href":"https:\/\/fejlesztomozgasterapia.hu\/index.php?rest_route=\/wp\/v2\/users\/1"}],"replies":[{"embeddable":true,"href":"https:\/\/fejlesztomozgasterapia.hu\/index.php?rest_route=%2Fwp%2Fv2%2Fcomments&post=7"}],"version-history":[{"count":20,"href":"https:\/\/fejlesztomozgasterapia.hu\/index.php?rest_route=\/wp\/v2\/pages\/7\/revisions"}],"predecessor-version":[{"id":456,"href":"https:\/\/fejlesztomozgasterapia.hu\/index.php?rest_route=\/wp\/v2\/pages\/7\/revisions\/456"}],"wp:attachment":[{"href":"https:\/\/fejlesztomozgasterapia.hu\/index.php?rest_route=%2Fwp%2Fv2%2Fmedia&parent=7"}],"curies":[{"name":"wp","href":"https:\/\/api.w.org\/{rel}","templated":true}]}}